{"id":99,"date":"2021-03-31T09:39:22","date_gmt":"2021-03-31T02:39:22","guid":{"rendered":"http:\/\/bentre.vietthangloivt.com\/?page_id=99"},"modified":"2025-05-08T17:23:08","modified_gmt":"2025-05-08T10:23:08","slug":"benh-tom","status":"publish","type":"page","link":"https:\/\/bentre.vietthangloivt.com\/index.php\/benh-tom\/","title":{"rendered":"B\u1ec6NH T\u00d4M"},"content":{"rendered":"<h1>B\u1ec7nh \u0111\u1ed1m tr\u1eafng l\u00fat kinh nghi\u1ec7p t\u1eeb n\u01b0\u1edbc Equador<\/h1>\n<p>B\u1ec7nh \u0110\u1ed1m tr\u1eafng (WSSV) chia s\u1ebb kinh nghi\u1ec7m Ph\u00f2ng &amp; Tr\u1ecb &amp; S\u1eed l\u00fd b\u1ec7nh. Kinh nghi\u1ec7m n\u01b0\u1edbc Ecuador qua \u0111\u01b0\u1ee3c b\u1ec7nh nay s\u1ea3n l\u01b0\u1ee3ng n\u0103m 2019 t\u0103ng l\u00ean 600000 t\u1ea5n t\u00e0i sao<\/p>\n<p>Clip linh :<\/p>\n<p><a href=\"https:\/\/www.facebook.com\/VietThangLoivt\/videos\/535381497396605\">(4) Facebook<\/a><\/p>\n<p>&nbsp;<\/p>\n<p>&nbsp;<\/p>\n<p>&nbsp;<\/p>\n","protected":false},"excerpt":{"rendered":"<p>B\u1ec7nh \u0111\u1ed1m tr\u1eafng l\u00fat kinh nghi\u1ec7p t\u1eeb n\u01b0\u1edbc Equador B\u1ec7nh \u0110\u1ed1m tr\u1eafng (WSSV) chia s\u1ebb kinh nghi\u1ec7m Ph\u00f2ng &amp; Tr\u1ecb &amp; S\u1eed l\u00fd b\u1ec7nh. Kinh nghi\u1ec7m n\u01b0\u1edbc Ecuador qua \u0111\u01b0\u1ee3c b\u1ec7nh nay s\u1ea3n l\u01b0\u1ee3ng n\u0103m 2019 t\u0103ng l\u00ean 600000 t\u1ea5n t\u00e0i sao Clip linh : (4) Facebook &nbsp; &nbsp; &nbsp;<\/p>\n","protected":false},"author":1,"featured_media":0,"parent":0,"menu_order":0,"comment_status":"closed","ping_status":"closed","template":"","meta":{"om_disable_all_campaigns":false,"_monsterinsights_skip_tracking":false,"_monsterinsights_sitenote_active":false,"_monsterinsights_sitenote_note":"","_monsterinsights_sitenote_category":0,"footnotes":""},"class_list":["post-99","page","type-page","status-publish","hentry"],"_links":{"self":[{"href":"https:\/\/bentre.vietthangloivt.com\/index.php\/wp-json\/wp\/v2\/pages\/99","targetHints":{"allow":["GET"]}}],"collection":[{"href":"https:\/\/bentre.vietthangloivt.com\/index.php\/wp-json\/wp\/v2\/pages"}],"about":[{"href":"https:\/\/bentre.vietthangloivt.com\/index.php\/wp-json\/wp\/v2\/types\/page"}],"author":[{"embeddable":true,"href":"https:\/\/bentre.vietthangloivt.com\/index.php\/wp-json\/wp\/v2\/users\/1"}],"replies":[{"embeddable":true,"href":"https:\/\/bentre.vietthangloivt.com\/index.php\/wp-json\/wp\/v2\/comments?post=99"}],"version-history":[{"count":3,"href":"https:\/\/bentre.vietthangloivt.com\/index.php\/wp-json\/wp\/v2\/pages\/99\/revisions"}],"predecessor-version":[{"id":217,"href":"https:\/\/bentre.vietthangloivt.com\/index.php\/wp-json\/wp\/v2\/pages\/99\/revisions\/217"}],"wp:attachment":[{"href":"https:\/\/bentre.vietthangloivt.com\/index.php\/wp-json\/wp\/v2\/media?parent=99"}],"curies":[{"name":"wp","href":"https:\/\/api.w.org\/{rel}","templated":true}]}}