{"id":71,"date":"2021-03-31T09:23:54","date_gmt":"2021-03-31T02:23:54","guid":{"rendered":"http:\/\/bentre.vietthangloivt.com\/?page_id=71"},"modified":"2021-04-01T10:10:46","modified_gmt":"2021-04-01T03:10:46","slug":"doanh-nhan-viet-kieu-tam-huyet-voi-tom-keu-cuu-thu-tuong","status":"publish","type":"page","link":"https:\/\/bentre.vietthangloivt.com\/index.php\/doanh-nhan-viet-kieu-tam-huyet-voi-tom-keu-cuu-thu-tuong\/","title":{"rendered":"DOANH NH\u00c2N VI\u1ec6T KI\u1ec0U K\u00caU C\u1ee8U TH\u1ee6 T\u01af\u1edaNG"},"content":{"rendered":"\n<h1 class=\"wp-block-heading\"><strong><span class=\"has-inline-color has-vivid-cyan-blue-color\">DOANH NH\u00c2N VI\u1ec6T KI\u1ec0U K\u00caU C\u1ee8U TH\u1ee6 T\u01af\u1edaNG<\/span><\/strong><\/h1>\n\n\n\n<figure class=\"wp-block-image size-large\"><img decoding=\"async\" src=\"http:\/\/bentre.vietthangloivt.com\/wp-content\/uploads\/2021\/03\/Hinh-chup-voi-Thu-Tuong-Nguyen-Xuan-Phuc-1-1024x765.jpg\" alt=\"\" class=\"wp-image-73\"\/><\/figure>\n\n\n\n<figure class=\"wp-block-image\"><img decoding=\"async\" src=\"https:\/\/vietthangloivt.com\/wp-content\/uploads\/2021\/03\/02-scaled.jpg\" alt=\"Chia s\u1ebb kinh nghi\u1ec7p nu\u00f4i t\u00f4m\" class=\"wp-image-14\"\/><\/figure>\n\n\n\n<p><strong>&nbsp;&nbsp;&nbsp;&nbsp;&nbsp;&nbsp;&nbsp;&nbsp;&nbsp; <span class=\"has-inline-color has-vivid-cyan-blue-color\">\u00d4ng Sawetkamon Pornthep (Nguy\u1ec5n V\u0103n Th\u1eafng), Vi\u1ec7t ki\u1ec1u qu\u1ed1c t\u1ecbch Th\u00e1i Lan, Gi\u00e1m \u0111\u1ed1c C\u00f4ng ty TNHH Vi\u1ec7t Th\u1eafng L\u1ee3i v\u1eeba g\u1eedi \u201cth\u01b0 k\u00eau c\u1ee9u\u201d \u0111\u1ebfn Th\u1ee7 t\u01b0\u1edbng Ch\u00ednh ph\u1ee7 Nguy\u1ec5n Xu\u00e2n Ph\u00fac. Th\u01b0 \u0111\u1ec1 ngh\u1ecb Th\u1ee7 t\u01b0\u1edbng \u201cquan t\u00e2m, ch\u1ec9 \u0111\u1ea1o gi\u1ea3i quy\u1ebft \u0111\u1ebfn t\u01b0\u1eddng t\u1eadn s\u1ef1 vi\u1ec7c gi\u00fap c\u00e1c doanh nghi\u1ec7p nh\u01b0 ch\u00fang t\u00f4i kh\u00f4ng ph\u1ea3i lo l\u1eafng v\u00e0 y\u00ean t\u00e2m l\u00e0m \u0103n \u0111\u1ec3 c\u1ed1ng hi\u1ebfn m\u1ed9t ph\u1ea7n cho n\u01b0\u1edbc Vi\u1ec7t Nam\u201d.<\/span><\/strong><\/p>\n\n\n\n<h2 class=\"wp-block-heading\"><strong><span class=\"has-inline-color has-vivid-cyan-blue-color\">T\u00e2m huy\u1ebft v\u1edbi t\u00f4m<\/span><\/strong><\/h2>\n\n\n\n<p><span class=\"has-inline-color has-vivid-cyan-blue-color\">\u00d4ng Sawetkamon Pornthep v\u1ec1 n\u01b0\u1edbc t\u1eeb 24 n\u0103m tr\u01b0\u1edbc, l\u00fac \u0111\u00f3 c\u00f2n \u00edt n\u01a1i nu\u00f4i t\u00f4m, ch\u01b0a s\u1ea3n xu\u1ea5t \u0111\u01b0\u1ee3c t\u00f4m gi\u1ed1ng c\u00f4ng nghi\u1ec7p, th\u1ee9c \u0103n c\u00f4ng nghi\u1ec7p. Nhi\u1ec1u ng\u01b0\u1eddi c\u00f2n nh\u1edb, n\u0103m 1997, \u00f4ng l\u00e0m ao nu\u00f4i t\u00f4m t\u1ea1i x\u00e3 \u0110\u1ed3ng B\u00f2 (TP Nha Trang, Kh\u00e1nh H\u00f2a), th\u00e0nh c\u00f4ng v\u00e0 m\u1edf r\u1ed9ng ra nhi\u1ec1u x\u00e3 trong v\u00f9ng, lan sang t\u1ec9nh Ph\u00fa Y\u00ean, Ninh Thu\u1eadn v\u00e0 xu\u1ed1ng \u0110BSCL.<\/span><\/p>\n\n\n\n<p><span class=\"has-inline-color has-vivid-cyan-blue-color\">C\u00f2n nhi\u1ec1u ng\u01b0\u1eddi \u1edf t\u1ec9nh S\u00f3a tr\u0103ng, B\u1ea1c Li\u00eau, C\u00e0 Mau c\u0169ng nh\u1edb \u00f4ng Sawetkamon Pornthep \u0111\u00e3 l\u00e0m ao m\u00f4 h\u00ecnh nu\u00f4i t\u00f4m, m\u1eddi l\u00e3nh \u0111\u1ea1o \u0111\u1ecba ph\u01b0\u01a1ng v\u00e0 ng\u01b0\u1eddi d\u00e2n t\u1edbi xem. M\u1ed9t s\u1ed1 c\u00e1n b\u1ed9 \u0111\u1ecba ph\u01b0\u01a1ng \u0111\u01b0\u1ee3c \u00f4ng t\u1ed5 ch\u1ee9c sang Th\u00e1i Lan xem n\u00f4ng d\u00e2n Th\u00e1i nu\u00f4i t\u00f4m c\u00f3 thu nh\u1eadp cao, cu\u1ed9c s\u1ed1ng kh\u00e1 gi\u1ea3. C\u00e1c ao nu\u00f4i t\u00f4m c\u1ee7a n\u00f4ng d\u00e2n Vi\u1ec7t Nam h\u1ed3i \u0111\u00f3 \u0111\u1ec1u th\u00e0nh c\u00f4ng. K\u1ef9 thu\u1eadt l\u00e0m ao v\u00e0 nu\u00f4i t\u00f4m \u0111\u01b0\u1ee3c x\u00e2y d\u1ef1ng th\u00e0nh quy tr\u00ecnh, chuy\u1ec3n giao cho n\u00f4ng d\u00e2n qua h\u1ec7 th\u1ed1ng khuy\u1ebfn ng\u01b0 v\u00e0 c\u00f2n v\u00e0o c\u00e1c tr\u01b0\u1eddng \u0111\u1ea1i h\u1ecdc, vi\u1ec7n nghi\u00ean c\u1ee9u \u0111\u1ec3 ph\u00e1t tri\u1ec3n m\u1ea1nh m\u1ebd. N\u0103m 2004, \u00f4ng Sawetkamon Pornthep \u0111\u01b0\u1ee3c m\u1eddi ra m\u1ed9t s\u1ed1 t\u1ec9nh ph\u00eda B\u1eafc \u0111\u1ec3 tham kh\u1ea3o c\u00f3 nu\u00f4i t\u00f4m \u0111\u01b0\u1ee3c hay kh\u00f4ng. \u00d4ng g\u00f3p \u00fd, ph\u00eda B\u1eafc kh\u00ed h\u1eadu kh\u00f4ng h\u1ee3p v\u1edbi t\u00f4m s\u00fa, n\u00ean nu\u00f4i t\u00f4m th\u1ebb ch\u00e2n tr\u1eafng ho\u1eb7c t\u00f4m kuruma Nh\u1eadt B\u1ea3n, hi\u1ec7u qu\u1ea3 nh\u1ea5t l\u00e0 t\u00f4m th\u1ebb HaWei.<\/span><\/p>\n\n\n\n<p><span class=\"has-inline-color has-vivid-cyan-blue-color\">N\u0103m 2002, \u00f4ng Sawetkamon Pornthep \u0111\u1ebfn V\u0169ng T\u00e0u s\u1ed1ng \u0111\u1ebfn b\u00e2y gi\u1edd. Ng\u00e0y 21\/9\/2006, Th\u1ee7 t\u01b0\u1edbng Ch\u00ednh ph\u1ee7 v\u00e0 B\u1ed9 Ngo\u1ea1i giao t\u1eb7ng b\u1eb1ng khen cho C\u00f4ng ty Vi\u1ec7t Th\u1eafng L\u1ee3i v\u00e0 c\u00e1 nh\u00e2n \u00f4ng Sawetkamon Pornthep v\u00ec \u201c\u0110\u00e3 \u0111\u1ea1t th\u00e0nh t\u00edch trong s\u1ea3n xu\u1ea5t, kinh doanh v\u00e0 g\u00f3p ph\u1ea7n x\u00e2y d\u1ef1ng qu\u00ea h\u01b0\u01a1ng, \u0111\u1ea5t n\u01b0\u1edbc\u201d.<\/span><\/p>\n\n\n\n<p><span class=\"has-inline-color has-vivid-cyan-blue-color\">Nh\u1eb1m g\u00f3p ph\u1ea7n \u0111\u01b0a ng\u00e0nh nu\u00f4i t\u00f4m v\u01b0\u1ee3t qua th\u1ea3m c\u1ea3nh, \u00f4ng Sawetkamon Pornthep t\u1ed5 ch\u1ee9c nh\u1eadp kh\u1ea9u ch\u1ea5t x\u1eed l\u00fd m\u00f4i tr\u01b0\u1eddng n\u01b0\u1edbc. Tr\u01b0\u1edbc kia, m\u00f4i tr\u01b0\u1eddng n\u01b0\u1edbc \u0110BSCL c\u00f3 lo\u1ea1i t\u1ea3o r\u1ea5t t\u1ed1t cho t\u00f4m m\u00e0 \u00edt n\u01a1i tr\u00ean th\u1ebf gi\u1edbi c\u00f3 \u0111\u01b0\u1ee3c, n\u00ean nu\u00f4i t\u00f4m th\u1eafng l\u1ee3i, nh\u01b0ng sau \u0111\u00f3 b\u1ecb s\u1eed d\u1ee5ng tr\u00e0n lan ch\u1ea5t h\u00f3a h\u1ecdc khi\u1ebfn m\u00f4i tr\u01b0\u1eddng n\u01b0\u1edbc suy tho\u00e1i tr\u1ea7m tr\u1ecdng, t\u00f4m gi\u1ed1ng th\u1ea3 xu\u1ed1ng b\u1ecb ch\u1ebft s\u1edbm. \u00d4ng Sawetkamon Pornthep nh\u1eadp ch\u1ea5t x\u1eed l\u00fd c\u1ea3i t\u1ea1o m\u00f4i tr\u01b0\u1eddng n\u01b0\u1edbc v\u00e0 ch\u1ec9 b\u00e1n gi\u00e1 v\u1eeba c\u00f3 l\u1eddi \u0111\u1ee7 duy tr\u00ec ho\u1ea1t \u0111\u1ed9ng. \u201cPh\u1ea3i b\u00e1n gi\u00e1 th\u1ea5p \u0111\u1ec3 c\u1ea1nh tranh v\u1edbi h\u00e0ng gi\u1ea3, h\u00e0ng kh\u00f4ng c\u00f3 ch\u1ea5t l\u01b0\u01a1ng\u201d, \u00f4ng t\u00e2m s\u1ef1.<\/span><\/p>\n\n\n\n<figure class=\"wp-block-image\"><img decoding=\"async\" src=\"https:\/\/vietthangloivt.com\/wp-content\/uploads\/2021\/03\/DSC02008-scaled.jpg\" alt=\"S\u1ea3n ph\u1ea9m aaa\" class=\"wp-image-13\"\/><\/figure>\n\n\n\n<figure class=\"wp-block-embed is-type-video is-provider-youtube wp-block-embed-youtube wp-embed-aspect-16-9 wp-has-aspect-ratio\"><div class=\"wp-block-embed__wrapper\">\n<iframe loading=\"lazy\" title=\"B\u1eaft \u0111\u1ea7u gi\u1edbi thi\u1ec7u b\u1ea1n th\u00e2n trong ng\u00e0nh Thu\u1ef7 s\u1ea3n\" width=\"525\" height=\"295\" src=\"https:\/\/www.youtube.com\/embed\/5aUXCvk87_I?feature=oembed\" frameborder=\"0\" allow=\"accelerometer; autoplay; clipboard-write; encrypted-media; gyroscope; picture-in-picture; web-share\" referrerpolicy=\"strict-origin-when-cross-origin\" allowfullscreen><\/iframe>\n<\/div><\/figure>\n\n\n\n<h2 class=\"has-text-align-center wp-block-heading\"><strong><span class=\"has-inline-color has-vivid-cyan-blue-color\">TR\u00c2N TR\u1eccNG C\u1ea2M \u01a0N V\u00c0O TH\u00c2M TRANG WEB C\u1ee6A CHUNG TA<\/span><\/strong><\/h2>\n\n\n\n<p><\/p>\n","protected":false},"excerpt":{"rendered":"<p>DOANH NH\u00c2N VI\u1ec6T KI\u1ec0U K\u00caU C\u1ee8U TH\u1ee6 T\u01af\u1edaNG &nbsp;&nbsp;&nbsp;&nbsp;&nbsp;&nbsp;&nbsp;&nbsp;&nbsp; \u00d4ng Sawetkamon Pornthep (Nguy\u1ec5n V\u0103n Th\u1eafng), Vi\u1ec7t ki\u1ec1u qu\u1ed1c t\u1ecbch Th\u00e1i Lan, Gi\u00e1m \u0111\u1ed1c C\u00f4ng ty TNHH Vi\u1ec7t Th\u1eafng L\u1ee3i v\u1eeba g\u1eedi \u201cth\u01b0 k\u00eau c\u1ee9u\u201d \u0111\u1ebfn Th\u1ee7 t\u01b0\u1edbng Ch\u00ednh ph\u1ee7 Nguy\u1ec5n Xu\u00e2n Ph\u00fac. Th\u01b0 \u0111\u1ec1 ngh\u1ecb Th\u1ee7 t\u01b0\u1edbng \u201cquan t\u00e2m, ch\u1ec9 \u0111\u1ea1o gi\u1ea3i quy\u1ebft \u0111\u1ebfn t\u01b0\u1eddng &hellip; <\/p>\n<p class=\"link-more\"><a href=\"https:\/\/bentre.vietthangloivt.com\/index.php\/doanh-nhan-viet-kieu-tam-huyet-voi-tom-keu-cuu-thu-tuong\/\" class=\"more-link\">\u0110\u1ecdc ti\u1ebfp<span class=\"screen-reader-text\"> &#8220;DOANH NH\u00c2N VI\u1ec6T KI\u1ec0U K\u00caU C\u1ee8U TH\u1ee6 T\u01af\u1edaNG&#8221;<\/span><\/a><\/p>\n","protected":false},"author":1,"featured_media":0,"parent":0,"menu_order":0,"comment_status":"closed","ping_status":"closed","template":"","meta":{"om_disable_all_campaigns":false,"_monsterinsights_skip_tracking":false,"_monsterinsights_sitenote_active":false,"_monsterinsights_sitenote_note":"","_monsterinsights_sitenote_category":0,"footnotes":""},"class_list":["post-71","page","type-page","status-publish","hentry"],"_links":{"self":[{"href":"https:\/\/bentre.vietthangloivt.com\/index.php\/wp-json\/wp\/v2\/pages\/71","targetHints":{"allow":["GET"]}}],"collection":[{"href":"https:\/\/bentre.vietthangloivt.com\/index.php\/wp-json\/wp\/v2\/pages"}],"about":[{"href":"https:\/\/bentre.vietthangloivt.com\/index.php\/wp-json\/wp\/v2\/types\/page"}],"author":[{"embeddable":true,"href":"https:\/\/bentre.vietthangloivt.com\/index.php\/wp-json\/wp\/v2\/users\/1"}],"replies":[{"embeddable":true,"href":"https:\/\/bentre.vietthangloivt.com\/index.php\/wp-json\/wp\/v2\/comments?post=71"}],"version-history":[{"count":3,"href":"https:\/\/bentre.vietthangloivt.com\/index.php\/wp-json\/wp\/v2\/pages\/71\/revisions"}],"predecessor-version":[{"id":144,"href":"https:\/\/bentre.vietthangloivt.com\/index.php\/wp-json\/wp\/v2\/pages\/71\/revisions\/144"}],"wp:attachment":[{"href":"https:\/\/bentre.vietthangloivt.com\/index.php\/wp-json\/wp\/v2\/media?parent=71"}],"curies":[{"name":"wp","href":"https:\/\/api.w.org\/{rel}","templated":true}]}}