{"id":69,"date":"2021-03-31T09:13:23","date_gmt":"2021-03-31T02:13:23","guid":{"rendered":"http:\/\/bentre.vietthangloivt.com\/?page_id=69"},"modified":"2021-03-31T09:13:23","modified_gmt":"2021-03-31T02:13:23","slug":"toxin-claer-5-lit","status":"publish","type":"page","link":"https:\/\/bentre.vietthangloivt.com\/index.php\/toxin-claer-5-lit\/","title":{"rendered":"<strong>TOXIN CLAER 5 L\u00edt<\/strong>"},"content":{"rendered":"\n<figure class=\"wp-block-image\"><img decoding=\"async\" src=\"https:\/\/vietthangloivt.com\/wp-content\/uploads\/2021\/03\/toxin-clear-5-nen-vang.jpg\" alt=\"Toxin claer ch\u1ea5t x\u1eed l\u00fd n\u01b0\u1edbc ao t\u00f4m\" class=\"wp-image-45\"\/><\/figure>\n\n\n\n<h2 class=\"wp-block-heading\"><strong>Th\u00e0nh ph\u1ea7n&nbsp;<\/strong><\/h2>\n\n\n\n<p>+ Sodium Thiosulfate 10%<\/p>\n\n\n\n<p>+ Sodium Lauryl Sulfate 5%<\/p>\n\n\n\n<p>+ Ethylene diamine tetraacetic acid 5%<\/p>\n\n\n\n<h3 class=\"wp-block-heading\"><strong>C\u00d4NG D\u1ee4NG<\/strong><\/h3>\n\n\n\n<p>+ X\u1eed l\u00fd n\u01b0\u1edbc trong ng\u00e0nh Th\u1ee7y s\u1ea3n T\u00f4m C\u00e1 Cua \u1ed0c \u1ebfch Vv..<\/p>\n\n\n\n<p>+ X\u1eed l\u00fd d\u1ed9 nh\u1edbt v\u00e0 v\u00e0ng b\u1ecdt t\u1eeb t\u1ea3o ch\u1ebft \u0111\u1ed9t ng\u1ed9t, vi sinh ch\u1ebft \u0111\u1ed9t ng\u1ecdt<\/p>\n\n\n\n<p>+ X\u1eed l\u00fd kh\u00ed \u0111\u1ed9c NH3 NO2<\/p>\n\n\n\n<p>+ X\u1eed l\u00fd k\u1ebft t\u00f9a v\u00e0 kh\u1eed kim lo\u1ea1i n\u0103ng<\/p>\n\n\n\n<h4 class=\"wp-block-heading\"><strong>H\u01b0\u1edbng d\u1eabn s\u1eed d\u1ee5ng :<\/strong><\/h4>\n\n\n\n<p>+ Gi\u1ea3m \u0111\u1ed9 nh\u1edbt ( do nhi\u1ec5m b\u1ea9n, b\u1ed9t ) 3 l\u00edt \/ 1000m3 \/ d\u00f9ng 2-3 ng\u00e0y\/l\u1ea7n<\/p>\n\n\n\n<p>+ K\u1ebft t\u00f9a, kh\u1eed kim lo\u1ea1i n\u1eb7ng trong n\u01b0\u1edbc ao 2-4 l\u00edt \/1000m3\/ Sau khi d\u00f9ng h\u00f3a ch\u1ea5t 6-8h<\/p>\n\n\n\n<p>+ Tr\u1ecb ph\u00e1t s\u00e1ng n\u01b0\u1edbc ; 3-5 l\u00edt \/1000m3\/ 11-14h\/ 1 l\u1ea7n\/ng\u00e0y \/ 2 ng\u00e0y li\u00ean t\u1ee5c.<\/p>\n\n\n\n<h4 class=\"wp-block-heading\">Ch\u00fa \u00fd :<\/h4>\n\n\n\n<p>&#8221; N\u01b0\u1edbc s\u1ea1ch c\u00e1c \u0111\u1ed9ng v\u1eadt trong n\u01b0\u1edbc s\u00f4ng kh\u1ecfe \u0103n \u0111\u01b0\u1ee3c m\u1edbi ph\u00e1t chuy\u1ec1n t\u1ed1t v\u00e0 kh\u1ecfe \u00edt b\u1ec7nh &#8220;<\/p>\n\n\n\n<p>*** R\u1ea5t quan tr\u1ecdng n\u01b0\u1edbc s\u1ea1ch ***<\/p>\n","protected":false},"excerpt":{"rendered":"<p>Th\u00e0nh ph\u1ea7n&nbsp; + Sodium Thiosulfate 10% + Sodium Lauryl Sulfate 5% + Ethylene diamine tetraacetic acid 5% C\u00d4NG D\u1ee4NG + X\u1eed l\u00fd n\u01b0\u1edbc trong ng\u00e0nh Th\u1ee7y s\u1ea3n T\u00f4m C\u00e1 Cua \u1ed0c \u1ebfch Vv.. + X\u1eed l\u00fd d\u1ed9 nh\u1edbt v\u00e0 v\u00e0ng b\u1ecdt t\u1eeb t\u1ea3o ch\u1ebft \u0111\u1ed9t ng\u1ed9t, vi sinh ch\u1ebft \u0111\u1ed9t ng\u1ecdt + X\u1eed l\u00fd kh\u00ed &hellip; <\/p>\n<p class=\"link-more\"><a href=\"https:\/\/bentre.vietthangloivt.com\/index.php\/toxin-claer-5-lit\/\" class=\"more-link\">\u0110\u1ecdc ti\u1ebfp<span class=\"screen-reader-text\"> &#8220;<strong>TOXIN CLAER 5 L\u00edt<\/strong>&#8220;<\/span><\/a><\/p>\n","protected":false},"author":1,"featured_media":0,"parent":0,"menu_order":0,"comment_status":"closed","ping_status":"closed","template":"","meta":{"om_disable_all_campaigns":false,"_monsterinsights_skip_tracking":false,"_monsterinsights_sitenote_active":false,"_monsterinsights_sitenote_note":"","_monsterinsights_sitenote_category":0,"footnotes":""},"class_list":["post-69","page","type-page","status-publish","hentry"],"_links":{"self":[{"href":"https:\/\/bentre.vietthangloivt.com\/index.php\/wp-json\/wp\/v2\/pages\/69","targetHints":{"allow":["GET"]}}],"collection":[{"href":"https:\/\/bentre.vietthangloivt.com\/index.php\/wp-json\/wp\/v2\/pages"}],"about":[{"href":"https:\/\/bentre.vietthangloivt.com\/index.php\/wp-json\/wp\/v2\/types\/page"}],"author":[{"embeddable":true,"href":"https:\/\/bentre.vietthangloivt.com\/index.php\/wp-json\/wp\/v2\/users\/1"}],"replies":[{"embeddable":true,"href":"https:\/\/bentre.vietthangloivt.com\/index.php\/wp-json\/wp\/v2\/comments?post=69"}],"version-history":[{"count":1,"href":"https:\/\/bentre.vietthangloivt.com\/index.php\/wp-json\/wp\/v2\/pages\/69\/revisions"}],"predecessor-version":[{"id":70,"href":"https:\/\/bentre.vietthangloivt.com\/index.php\/wp-json\/wp\/v2\/pages\/69\/revisions\/70"}],"wp:attachment":[{"href":"https:\/\/bentre.vietthangloivt.com\/index.php\/wp-json\/wp\/v2\/media?parent=69"}],"curies":[{"name":"wp","href":"https:\/\/api.w.org\/{rel}","templated":true}]}}