{"id":65,"date":"2021-03-31T09:12:06","date_gmt":"2021-03-31T02:12:06","guid":{"rendered":"http:\/\/bentre.vietthangloivt.com\/?page_id=65"},"modified":"2021-03-31T09:12:07","modified_gmt":"2021-03-31T02:12:07","slug":"topzyme-sh","status":"publish","type":"page","link":"https:\/\/bentre.vietthangloivt.com\/index.php\/topzyme-sh\/","title":{"rendered":"<strong>TOPZYME SH<\/strong>"},"content":{"rendered":"\n<figure class=\"wp-block-image\"><img decoding=\"async\" src=\"https:\/\/vietthangloivt.com\/wp-content\/uploads\/2021\/03\/hinh-Topzyme-sh-2-1.jpg\" alt=\"Topzyme ch\u1ea5t enzyme \u0111\u1eb7c bi\u1ec7t\" class=\"wp-image-80\"\/><\/figure>\n\n\n\n<h2 class=\"wp-block-heading\"><strong>Th\u00e0nh ph\u1ea7n<\/strong><\/h2>\n\n\n\n<ul class=\"wp-block-list\"><li>Amylase enzyme :&nbsp; &nbsp; &nbsp; &nbsp; &nbsp; &nbsp; &nbsp; &nbsp; &nbsp; &nbsp; &nbsp; &nbsp; 900.000 UI\/kg<\/li><li>Cellulase enzyme :&nbsp; &nbsp; &nbsp; &nbsp; &nbsp; &nbsp; &nbsp; &nbsp; &nbsp; &nbsp; 1.200.000 UI\/kg<\/li><li>Xylanase enzyme :&nbsp; &nbsp; &nbsp; &nbsp; &nbsp; &nbsp; &nbsp; &nbsp; &nbsp; &nbsp; 1.500.000 UI\/kg<\/li><li>Beta-Glucanase enzyme :&nbsp; &nbsp; 2.100.000 UI\/kg<\/li><li>Pectinase enzyme :&nbsp; &nbsp; &nbsp; &nbsp; &nbsp; &nbsp; &nbsp; &nbsp; &nbsp; &nbsp; &nbsp;900.000 UI\/kg<\/li><\/ul>\n\n\n\n<p>Topzyme sh l\u00e0 CH\u1ea4T enzyme \u0111\u1eb7c bi\u1ec7t gi\u00fap \u0111\u01b0\u1eddng ru\u1ed9t t\u00f4m c\u00e1 cua trong m\u00e3ng Th\u1ee7y s\u1ea3n<\/p>\n\n\n\n<h2 class=\"wp-block-heading\"><strong>C\u00d4NG D\u1ee4NG<\/strong><\/h2>\n\n\n\n<p>X\u1eed l\u00fd B\u1ec7nh Ph\u1ea7n tr\u1eafng<\/p>\n\n\n\n<p>X\u1eed l\u00fd B\u1ec7nh Ems<\/p>\n\n\n\n<p>X\u1eed l\u00fd B\u1ec7nh \u0110\u01b0\u1eddng ru\u1ed9t<\/p>\n\n\n\n<p>X\u1eed l\u00fd th\u1ee9c \u0103n c\u00f3 m\u00f3c l\u00e0m h\u01b0 ru\u1ed9t t\u00f4m c\u00e1<\/p>\n\n\n\n<p>T\u0103ng FCR<\/p>\n\n\n\n<p>Xu\u1ea5t x\u1ee9 : Thailand<\/p>\n\n\n\n<h3 class=\"wp-block-heading\"><strong>H\u01b0\u01a1ng d\u1eabn s\u1eed d\u1ee5ng :<\/strong><\/h3>\n\n\n\n<p>+ B\u1ec7nh Ph\u1ea7n tr\u1eafng, B\u1ec7nh Ems, B\u1ec7nh \u0110\u01b0\u1eddng ru\u1ed9t<\/p>\n\n\n\n<p>+ B\u1ecb N\u0103ng ; Tr\u1ed9n Enzymax 10g \/ kg th\u1ee9c \u0103n<\/p>\n\n\n\n<p>+ B\u1ecb Nh\u1eb9 ;Tr\u1ed9n Enzymax 5g \/ kg th\u1ee9c \u0103n<\/p>\n\n\n\n<p>+ H\u00f2a tan ENZYMAX v\u1edbi 10% n\u01b0\u1edbc tr\u01b0\u1edbc khi tr\u1ed9n v\u1edbi th\u1ee9c \u0103n<\/p>\n\n\n\n<h4 class=\"wp-block-heading\"><strong>Kh\u1ed1i l\u01b0\u1ee3ng&nbsp; : 1 Kg\/h\u1ed9p<\/strong><\/h4>\n\n\n\n<p>Kh\u00f4i l\u01b0\u1ee3ng : 500g\/h\u1ed9p<\/p>\n","protected":false},"excerpt":{"rendered":"<p>Th\u00e0nh ph\u1ea7n Amylase enzyme :&nbsp; &nbsp; &nbsp; &nbsp; &nbsp; &nbsp; &nbsp; &nbsp; &nbsp; &nbsp; &nbsp; &nbsp; 900.000 UI\/kg Cellulase enzyme :&nbsp; &nbsp; &nbsp; &nbsp; &nbsp; &nbsp; &nbsp; &nbsp; &nbsp; &nbsp; 1.200.000 UI\/kg Xylanase enzyme :&nbsp; &nbsp; &nbsp; &nbsp; &nbsp; &nbsp; &nbsp; &nbsp; &nbsp; &nbsp; 1.500.000 UI\/kg Beta-Glucanase enzyme :&nbsp; &nbsp; 2.100.000 UI\/kg Pectinase enzyme :&nbsp; &hellip; <\/p>\n<p class=\"link-more\"><a href=\"https:\/\/bentre.vietthangloivt.com\/index.php\/topzyme-sh\/\" class=\"more-link\">\u0110\u1ecdc ti\u1ebfp<span class=\"screen-reader-text\"> &#8220;<strong>TOPZYME SH<\/strong>&#8220;<\/span><\/a><\/p>\n","protected":false},"author":1,"featured_media":0,"parent":0,"menu_order":0,"comment_status":"closed","ping_status":"closed","template":"","meta":{"om_disable_all_campaigns":false,"_monsterinsights_skip_tracking":false,"_monsterinsights_sitenote_active":false,"_monsterinsights_sitenote_note":"","_monsterinsights_sitenote_category":0,"footnotes":""},"class_list":["post-65","page","type-page","status-publish","hentry"],"_links":{"self":[{"href":"https:\/\/bentre.vietthangloivt.com\/index.php\/wp-json\/wp\/v2\/pages\/65","targetHints":{"allow":["GET"]}}],"collection":[{"href":"https:\/\/bentre.vietthangloivt.com\/index.php\/wp-json\/wp\/v2\/pages"}],"about":[{"href":"https:\/\/bentre.vietthangloivt.com\/index.php\/wp-json\/wp\/v2\/types\/page"}],"author":[{"embeddable":true,"href":"https:\/\/bentre.vietthangloivt.com\/index.php\/wp-json\/wp\/v2\/users\/1"}],"replies":[{"embeddable":true,"href":"https:\/\/bentre.vietthangloivt.com\/index.php\/wp-json\/wp\/v2\/comments?post=65"}],"version-history":[{"count":1,"href":"https:\/\/bentre.vietthangloivt.com\/index.php\/wp-json\/wp\/v2\/pages\/65\/revisions"}],"predecessor-version":[{"id":66,"href":"https:\/\/bentre.vietthangloivt.com\/index.php\/wp-json\/wp\/v2\/pages\/65\/revisions\/66"}],"wp:attachment":[{"href":"https:\/\/bentre.vietthangloivt.com\/index.php\/wp-json\/wp\/v2\/media?parent=65"}],"curies":[{"name":"wp","href":"https:\/\/api.w.org\/{rel}","templated":true}]}}