{"id":63,"date":"2021-03-31T09:10:47","date_gmt":"2021-03-31T02:10:47","guid":{"rendered":"http:\/\/bentre.vietthangloivt.com\/?page_id=63"},"modified":"2021-03-31T09:10:48","modified_gmt":"2021-03-31T02:10:48","slug":"thu-keu-cuu-thu-tuong","status":"publish","type":"page","link":"https:\/\/bentre.vietthangloivt.com\/index.php\/thu-keu-cuu-thu-tuong\/","title":{"rendered":"<strong>TH\u01af K\u00caU C\u1ee8U TH\u1ee6 T\u01af\u1edaNG<\/strong>"},"content":{"rendered":"\n<figure class=\"wp-block-image\"><img decoding=\"async\" src=\"https:\/\/vietthangloivt.com\/wp-content\/uploads\/2021\/03\/Hinh-chup-voi-Thu-Tuong-Nguyen-Xuan-Phuc.jpg\" alt=\"Chup voi Thu Tuong Nguyen Xuan Ph\u00fac\" class=\"wp-image-12\"\/><\/figure>\n\n\n\n<p><strong>&nbsp;&nbsp;&nbsp;&nbsp;&nbsp;&nbsp;&nbsp;&nbsp;&nbsp; \u00d4ng Sawetkamon Pornthep (Nguy\u1ec5n V\u0103n Th\u1eafng), Vi\u1ec7t ki\u1ec1u qu\u1ed1c t\u1ecbch Th\u00e1i Lan, Gi\u00e1m \u0111\u1ed1c C\u00f4ng ty TNHH Vi\u1ec7t Th\u1eafng L\u1ee3i v\u1eeba g\u1eedi \u201cth\u01b0 k\u00eau c\u1ee9u\u201d \u0111\u1ebfn Th\u1ee7 t\u01b0\u1edbng Ch\u00ednh ph\u1ee7 Nguy\u1ec5n Xu\u00e2n Ph\u00fac. Th\u01b0 \u0111\u1ec1 ngh\u1ecb Th\u1ee7 t\u01b0\u1edbng \u201c<\/strong><strong>quan t\u00e2m, ch\u1ec9 \u0111\u1ea1o gi\u1ea3i quy\u1ebft \u0111\u1ebfn t\u01b0\u1eddng t\u1eadn s\u1ef1 vi\u1ec7c gi\u00fap c\u00e1c doanh nghi\u1ec7p nh\u01b0 ch\u00fang t\u00f4i kh\u00f4ng ph\u1ea3i lo l\u1eafng v\u00e0 y\u00ean t\u00e2m l\u00e0m \u0103n \u0111\u1ec3 c\u1ed1ng hi\u1ebfn m\u1ed9t ph\u1ea7n cho n\u01b0\u1edbc Vi\u1ec7t Nam\u201d.<\/strong><\/p>\n\n\n\n<h2 class=\"wp-block-heading\"><strong>T\u00e2m huy\u1ebft v\u1edbi t\u00f4m<\/strong><\/h2>\n\n\n\n<p>\u00d4ng Sawetkamon Pornthep v\u1ec1 n\u01b0\u1edbc t\u1eeb 21 n\u0103m tr\u01b0\u1edbc, l\u00fac \u0111\u00f3 c\u00f2n \u00edt n\u01a1i nu\u00f4i t\u00f4m, ch\u01b0a s\u1ea3n xu\u1ea5t \u0111\u01b0\u1ee3c t\u00f4m gi\u1ed1ng. Nhi\u1ec1u ng\u01b0\u1eddi c\u00f2n nh\u1edb, n\u0103m 1997, \u00f4ng l\u00e0m ao nu\u00f4i t\u00f4m t\u1ea1i x\u00e3 \u0110\u1ed3ng B\u00f2 (TP Nha Trang, Kh\u00e1nh H\u00f2a), th\u00e0nh c\u00f4ng v\u00e0 m\u1edf r\u1ed9ng ra nhi\u1ec1u x\u00e3 trong v\u00f9ng, lan sang t\u1ec9nh Ph\u00fa Y\u00ean, Ninh Thu\u1eadn v\u00e0 xu\u1ed1ng \u0110BSCL.<\/p>\n\n\n\n<p>C\u00f2n nhi\u1ec1u ng\u01b0\u1eddi \u1edf t\u1ec9nh B\u1ea1c Li\u00eau, C\u00e0 Mau c\u0169ng nh\u1edb \u00f4ng Sawetkamon Pornthep \u0111\u00e3 l\u00e0m ao m\u00f4 h\u00ecnh nu\u00f4i t\u00f4m, m\u1eddi l\u00e3nh \u0111\u1ea1o \u0111\u1ecba ph\u01b0\u01a1ng v\u00e0 ng\u01b0\u1eddi d\u00e2n t\u1edbi xem. M\u1ed9t s\u1ed1 c\u00e1n b\u1ed9 \u0111\u1ecba ph\u01b0\u01a1ng \u0111\u01b0\u1ee3c \u00f4ng t\u1ed5 ch\u1ee9c sang Th\u00e1i Lan xem n\u00f4ng d\u00e2n Th\u00e1i nu\u00f4i t\u00f4m c\u00f3 thu nh\u1eadp cao, cu\u1ed9c s\u1ed1ng kh\u00e1 gi\u1ea3. C\u00e1c ao nu\u00f4i t\u00f4m c\u1ee7a n\u00f4ng d\u00e2n Vi\u1ec7t Nam h\u1ed3i \u0111\u00f3 \u0111\u1ec1u th\u00e0nh c\u00f4ng. K\u1ef9 thu\u1eadt l\u00e0m ao v\u00e0 nu\u00f4i t\u00f4m \u0111\u01b0\u1ee3c x\u00e2y d\u1ef1ng th\u00e0nh quy tr\u00ecnh, chuy\u1ec3n giao cho n\u00f4ng d\u00e2n qua h\u1ec7 th\u1ed1ng khuy\u1ebfn ng\u01b0 v\u00e0 c\u00f2n v\u00e0o c\u00e1c tr\u01b0\u1eddng \u0111\u1ea1i h\u1ecdc, vi\u1ec7n nghi\u00ean c\u1ee9u \u0111\u1ec3 ph\u00e1t tri\u1ec3n m\u1ea1nh m\u1ebd. N\u0103m 2004, \u00f4ng Sawetkamon Pornthep \u0111\u01b0\u1ee3c m\u1eddi ra m\u1ed9t s\u1ed1 t\u1ec9nh ph\u00eda B\u1eafc \u0111\u1ec3 tham kh\u1ea3o c\u00f3 nu\u00f4i t\u00f4m \u0111\u01b0\u1ee3c hay kh\u00f4ng. \u00d4ng g\u00f3p \u00fd, ph\u00eda B\u1eafc kh\u00ed h\u1eadu kh\u00f4ng h\u1ee3p v\u1edbi t\u00f4m s\u00fa, n\u00ean nu\u00f4i t\u00f4m th\u1ebb ch\u00e2n tr\u1eafng ho\u1eb7c t\u00f4m kuruma Nh\u1eadt B\u1ea3n, hi\u1ec7u qu\u1ea3 nh\u1ea5t l\u00e0 t\u00f4m th\u1ebb HaWei.<\/p>\n\n\n\n<p>N\u0103m 2002, \u00f4ng Sawetkamon Pornthep \u0111\u1ebfn V\u0169ng T\u00e0u s\u1ed1ng \u0111\u1ebfn b\u00e2y gi\u1edd. Ng\u00e0y 21\/9\/2006, Th\u1ee7 t\u01b0\u1edbng Ch\u00ednh ph\u1ee7 v\u00e0 B\u1ed9 Ngo\u1ea1i giao t\u1eb7ng b\u1eb1ng khen cho C\u00f4ng ty Vi\u1ec7t Th\u1eafng L\u1ee3i v\u00e0 c\u00e1 nh\u00e2n \u00f4ng Sawetkamon Pornthep v\u00ec \u201c\u0110\u00e3 \u0111\u1ea1t th\u00e0nh t\u00edch trong s\u1ea3n xu\u1ea5t, kinh doanh v\u00e0 g\u00f3p ph\u1ea7n x\u00e2y d\u1ef1ng qu\u00ea h\u01b0\u01a1ng, \u0111\u1ea5t n\u01b0\u1edbc\u201d.<\/p>\n\n\n\n<p>Nh\u1eb1m g\u00f3p ph\u1ea7n \u0111\u01b0a ng\u00e0nh nu\u00f4i t\u00f4m v\u01b0\u1ee3t qua th\u1ea3m c\u1ea3nh, \u00f4ng Sawetkamon Pornthep t\u1ed5 ch\u1ee9c nh\u1eadp kh\u1ea9u ch\u1ea5t x\u1eed l\u00fd m\u00f4i tr\u01b0\u1eddng n\u01b0\u1edbc. Tr\u01b0\u1edbc kia, m\u00f4i tr\u01b0\u1eddng n\u01b0\u1edbc \u0110BSCL c\u00f3 lo\u1ea1i t\u1ea3o r\u1ea5t t\u1ed1t cho t\u00f4m m\u00e0 \u00edt n\u01a1i tr\u00ean th\u1ebf gi\u1edbi c\u00f3 \u0111\u01b0\u1ee3c, n\u00ean nu\u00f4i t\u00f4m th\u1eafng l\u1ee3i, nh\u01b0ng sau \u0111\u00f3 b\u1ecb s\u1eed d\u1ee5ng tr\u00e0n lan ch\u1ea5t h\u00f3a h\u1ecdc khi\u1ebfn m\u00f4i tr\u01b0\u1eddng n\u01b0\u1edbc suy tho\u00e1i tr\u1ea7m tr\u1ecdng, t\u00f4m gi\u1ed1ng th\u1ea3 xu\u1ed1ng b\u1ecb ch\u1ebft s\u1edbm. \u00d4ng Sawetkamon Pornthep nh\u1eadp ch\u1ea5t x\u1eed l\u00fd c\u1ea3i t\u1ea1o m\u00f4i tr\u01b0\u1eddng n\u01b0\u1edbc v\u00e0 ch\u1ec9 b\u00e1n gi\u00e1 v\u1eeba c\u00f3 l\u1eddi \u0111\u1ee7 duy tr\u00ec ho\u1ea1t \u0111\u1ed9ng. \u201cPh\u1ea3i b\u00e1n gi\u00e1 th\u1ea5p \u0111\u1ec3 c\u1ea1nh tranh v\u1edbi h\u00e0ng gi\u1ea3, h\u00e0ng kh\u00f4ng c\u00f3 ch\u1ea5t l\u01b0\u01a1ng\u201d, \u00f4ng t\u00e2m s\u1ef1.<\/p>\n\n\n\n<h3 class=\"wp-block-heading\"><strong>\u201cTham nh\u0169ng trong ch\u00ednh s\u00e1ch\u201d<\/strong><\/h3>\n\n\n\n<p>Th\u01b0 k\u00eau c\u1ee9u Th\u1ee7 t\u01b0\u1edbng c\u1ee7a \u00f4ng Sawetkamon Pornthep vi\u1ebft: \u201cT\u1eeb cu\u1ed1i n\u0103m 2015 \u0111\u1ebfn h\u00f4m nay \u0111\u00fang m\u1ed9t n\u0103m, t\u00f4i \u0111\u00e3 tr\u1ef1c ti\u1ebfp g\u1eb7p nhi\u1ec1u ng\u01b0\u1eddi nh\u01b0ng kh\u00f4ng gi\u1ea3i quy\u1ebft \u0111\u01b0\u1ee3c. T\u00f4i v\u1ec1 Vi\u1ec7t Nam kh\u00f4ng bao gi\u1edd l\u00e0m sai ph\u00e1p lu\u1eadt, kh\u00f4ng bao gi\u1edd tr\u1ed1n thu\u1ebf, lu\u00f4n l\u00e0m \u0111\u00fang lu\u1eadt. H\u1ea3i quan khu v\u1ef1c 3 v\u00e0 Thanh tra T\u1ed5ng c\u1ee5c H\u1ea3i quan \u0111i\u1ec1u ch\u1ec9nh t\u0103ng thu\u1ebf v\u00e0 c\u01b0\u1ee1ng ch\u1ebf, kh\u00f4ng cho khai t\u1edd khai tr\u00ean m\u1ea1ng \u0111\u1ebfn nay ch\u01b0a m\u1edf \u0111\u01b0\u1ee3c. T\u00f4i tr\u1ef1c ti\u1ebfp l\u00e0m v\u1ee5 vi\u1ec7c n\u00e0y th\u1ea5y nhi\u1ec1u c\u00e1i H\u1ea3i quan l\u00e0m sai, \u0111\u1ea7u v\u00e0o thu\u1ebf GTGT 5% \u0111\u1ea7u ra xu\u1ea5t cho d\u00e2n c\u0169ng 5%, m\u00e0 nay t\u0103ng thu\u1ebf v\u00e0 truy thu thu\u1ebf tr\u1edf l\u1ea1i ng\u00e0y n\u1ed9p thu\u1ebf th\u00ec ch\u1eafc ch\u1eafn doanh nghi\u1ec7p ph\u00e1 s\u1ea3n\u201d.<\/p>\n\n\n\n<p>\u201cNg\u00e0y 10\/3\/2016, C\u00f4ng ty ch\u00fang t\u00f4i \u0111\u00e3 kh\u00f4ng th\u1ec3 khai b\u00e1o h\u1ea3i quan \u0111i\u1ec7n t\u1eed cho \u0111\u1ebfn b\u00e2y gi\u1edd. Chi c\u1ee5c H\u1ea3i quan C\u1ea3ng Vict (KV3) \u0111\u00e3 ra quy\u1ebft \u0111\u1ecbnh \u0111i\u1ec1u ch\u1ec9nh t\u0103ng thu\u1ebf GTGT t\u1eeb 5% l\u00ean m\u1ee9c g\u1ea5p \u0111\u00f4i 10% v\u00e0 c\u01b0\u1ee1ng ch\u1ebf n\u1ee3 thu\u1ebf cho c\u00e1c l\u00f4 h\u00e0ng t\u1eeb n\u0103m 2013, 2014 m\u00e0 C\u00f4ng ty \u0111\u00e3 khai b\u00e1o tr\u01b0\u1edbc \u0111\u00f3 (\u0111\u00ednh k\u00e8m th\u00f4ng b\u00e1o n\u1ee3 c\u01b0\u1ee1ng ch\u1ebf thu\u1ebf)\u201d, th\u01b0 \u00f4ng Sawetkamon Pornthep k\u1ec3.<\/p>\n\n\n\n<p>\u00d4ng \u0111\u01b0a d\u1eabn ch\u1ee9ng m\u1ea5y ch\u1ee5c doanh nghi\u1ec7p l\u00fac \u0111\u1ea7u b\u1ecb \u0111i\u1ec1u ch\u1ec9nh t\u0103ng thu\u1ebf GTGT l\u00ean 10% nh\u01b0ng sau \u0111\u00f3 \u0111\u01b0\u1ee3c h\u1ea1 xu\u1ed1ng 5% v\u1edbi l\u00fd gi\u1ea3i: \u201cThu\u1ebf \u0111\u1ea7u ra \u0111\u00e3 khai b\u00e1o n\u1ed9p thu\u1ebf v\u1edbi thu\u1ebf su\u1ea5t 5% th\u00ec kh\u00f4ng \u0111i\u1ec1u ch\u1ec9nh l\u00ean 10%\u201d. B\u1ed9 T\u00e0i ch\u00ednh c\u00f3 v\u0103n b\u1ea3n tr\u1ea3 l\u1eddi ri\u00eang cho t\u1eebng doanh nghi\u1ec7p \u1ea5y: \u201cTr\u01b0\u1eddng h\u1ee3p doanh nghi\u1ec7p \u0111\u00e3 k\u00ea khai, n\u1ed9p thu\u1ebf GTGT, \u0111\u00e3 xu\u1ea5t b\u00e1n trong n\u01b0\u1edbc, \u0111\u00e3 l\u1eadp h\u00f3a \u0111\u01a1n, k\u00ea khai thu\u1ebf GTGT \u0111\u1ea7u ra v\u1edbi c\u01a1 quan Thu\u1ebf v\u1edbi m\u1ee9c thu\u1ebf su\u1ea5t thu\u1ebf GTGT l\u00e0 5%, th\u00ec kh\u00f4ng th\u1ef1c hi\u1ec7n \u0111i\u1ec1u ch\u1ec9nh m\u1ee9c thu\u1ebf GTGT kh\u00e2u nh\u1eadp kh\u1ea9u v\u00e0 xu\u1ea5t b\u00e1n trong n\u01b0\u1edbc l\u00e0 10%\u201d.<\/p>\n\n\n\n<p>M\u1ed9t c\u00e2u h\u1ecfi \u00f4ng Sawetkamon Pornthep n\u00eau l\u00ean: \u201cT\u1ea1i sao c\u00e1c c\u00f4ng ty kia \u0111\u01b0\u1ee3c kh\u00f4ng b\u1ecb \u0111i\u1ec1u ch\u1ec9nh thu\u1ebf GTGT l\u00ean 10%, m\u00e0 \u0111\u01a1n v\u1ecb ch\u00fang t\u00f4i kh\u00f4ng \u0111\u01b0\u1ee3c, m\u1eb7c d\u00f9 n\u1ed9i dung v\u01b0\u1edbng m\u1eafc thu\u1ebf GTGT l\u00e0 gi\u1ed1ng nhau?\u201d. V\u00e0 \u00f4ng \u0111\u01b0a ra c\u00e2u tr\u1ea3 l\u1eddi: \u201cH\u1eb3n ch\u1ec9 c\u00f3 m\u1ed9t c\u00e1ch gi\u1ea3i th\u00edch duy nh\u1ea5t l\u00e0 B\u1ed9 T\u00e0i ch\u00ednh ch\u1ee7 \u00fd k\u00e9o d\u00e0i c\u00e0ng l\u00e2u c\u00e0ng t\u1ed1t (mi\u1ec5n kh\u00f4ng c\u00f3 ai l\u00ean ti\u1ebfng), th\u00f4ng qua vi\u1ec7c ban h\u00e0nh c\u00e1c v\u0103n b\u1ea3n r\u1ed1i r\u1eafm \u0111\u1ec3 c\u00e1c doanh nghi\u1ec7p khi b\u1ecb truy thu th\u00ec t\u1ea5t y\u1ebfu ph\u1ea3i ch\u1ea1y \u0111\u1ebfn m\u00ecnh &#8211; n\u01a1i ban h\u00e0nh v\u0103n b\u1ea3n. \u0110\u00f3 \u0111\u01b0\u1ee3c t\u1ea1m g\u1ecdi \u201ctham nh\u0169ng trong ch\u00ednh s\u00e1ch\u201d.<\/p>\n\n\n\n<p>V\u00ec th\u1ebf, v\u01b0\u1edbng m\u1eafc x\u1ea3y ra t\u1eeb n\u0103m 2012, \u0111\u1ebfn 2016 v\u1eabn ch\u01b0a ch\u1ea5m d\u1ee9t. H\u00e0ng tr\u0103m ngh\u00ecn doanh nghi\u1ec7p \u0111\u1ec3 t\u1ed3n t\u1ea1i, ph\u1ea3i \u201cch\u1ea1y\u201d. C\u00f2n \u0111\u1ea5t n\u01b0\u1edbc b\u1ecb thi\u1ec7t h\u1ea1i, th\u01b0 c\u1ee7a \u00f4ng ph\u00e2n t\u00edch: \u201cGi\u00e1 c\u1ea3 h\u00e0ng h\u00f3a t\u0103ng (ng\u01b0\u1eddi mua ph\u1ea3i ch\u1ecbu th\u00eam m\u1ed9t kho\u1ea3n chi ph\u00ed do c\u1ed9ng th\u00eam ph\u00ed tham nh\u0169ng v\u00e0o gi\u00e1 b\u00e1n), gi\u00e1 h\u00e0ng h\u00f3a t\u0103ng th\u00ec s\u1ee9c c\u1ea1nh tranh k\u00e9m, doanh nghi\u1ec7p s\u1ebd kh\u00f4ng b\u00e1n \u0111\u01b0\u1ee3c h\u00e0ng, v\u00e0 d\u1ea7n d\u1ea7n s\u1ebd \u0111i \u0111\u1ebfn ch\u1ed7 ph\u00e1 s\u1ea3n. Doanh nghi\u1ec7p ph\u00e1 s\u1ea3n th\u00ec nh\u00e0 n\u01b0\u1edbc kh\u00f4ng thu \u0111\u01b0\u1ee3c thu\u1ebf, kh\u00f4ng t\u1ea1o \u0111\u01b0\u1ee3c c\u00f4ng \u0103n vi\u1ec7c l\u00e0m\u201d.<\/p>\n\n\n\n<p>L\u00e1 th\u01b0 c\u1ee7a \u00f4ng Sawetkamon Pornthep tha thi\u1ebft: Th\u01b0a Ng\u00e0i Th\u1ee7 t\u01b0\u1edbng Nguy\u1ec5n Xu\u00e2n Ph\u00fac, \u201ct\u00f4i xin cung c\u1ea5p cho Ng\u00e0i m\u1ed9t vi\u1ec7c m\u00e0 gi\u00fap Ng\u00e0i \u0111\u1ea9y m\u1ea1nh \u0111\u1ea5u tranh ph\u00f2ng, ch\u1ed1ng tham nh\u0169ng, quan li\u00eau m\u1ed9t c\u00e1ch c\u00f3 hi\u1ec7u qu\u1ea3 (\u2026). D\u1eabn ch\u1ee9ng c\u1ee5 th\u1ec3 m\u00e0 t\u00f4i s\u1ebd cung c\u1ea5p cho Ng\u00e0i, \u0111\u00f3 l\u00e0 m\u00e2u thu\u1eabn ch\u1ed3ng ch\u00e9o gi\u1eefa hai Th\u00f4ng t\u01b0 c\u00f9ng quy \u0111\u1ecbnh v\u1ec1 m\u1ee9c thu\u1ebf su\u1ea5t thu\u1ebf GTGT b\u1edfi do c\u00f9ng m\u1ed9t B\u1ed9 ban h\u00e0nh, \u0111\u00f3 l\u00e0 Th\u00f4ng t\u01b0 131\/2008\/TT-BTC v\u00e0 Th\u00f4ng t\u01b0 06\/2012\/TT-BTC. Ch\u00ednh m\u00e2u thu\u1eabn c\u1ee7a hai Bi\u1ec3u thu\u1ebf tr\u00ean, \u0111\u00e3 t\u1ea1o n\u00ean nh\u1eefng h\u01b0\u1edbng x\u1eed l\u00fd kh\u00e1c nhau do ch\u00ednh c\u01a1 quan ban h\u00e0nh v\u0103n b\u1ea3n th\u1ef1c hi\u1ec7n c\u00f9ng m\u1ed9t s\u1ef1 vi\u1ec7c\u201d.<\/p>\n\n\n\n<p>\u00d4ng Sawetkamon Pornthep \u0111\u1ec1 xu\u1ea5t: \u201cX\u1eed l\u00fd d\u1ee9t \u0111i\u1ec3m \u1edf c\u00e1i g\u1ed1c t\u1ea1i n\u01a1i ng\u01b0\u1eddi c\u00f3 quy\u1ec1n k\u00fd, \u0111\u00f3ng d\u1ea5u ban h\u00e0nh c\u00e1c th\u00f4ng t\u01b0 \u0111\u00f3, ngh\u0129a l\u00e0 d\u1eebng ngay vi\u1ec7c ban c\u00e1c quy \u0111\u1ecbnh tr\u00e9o ngoe n\u00e0y, ph\u1ea3i s\u1eeda ngay n\u1ebfu v\u0103n b\u1ea3n c\u00f3 s\u1ef1 m\u00e2u thu\u1eabn, ph\u1ea3i th\u00f4ng b\u00e1o c\u00f4ng khai cho t\u1ea5t c\u1ea3 c\u00e1c doanh nghi\u1ec7p \u0111\u1ec1u bi\u1ebft \u0111\u1ec3 th\u1ef1c hi\u1ec7n, tuy\u1ec7t \u0111\u1ed1i kh\u00f4ng \u0111\u1ec3 t\u00ecnh tr\u1ea1ng v\u01b0\u1edbng m\u1eafc k\u00e9o d\u00e0i\u201d.<\/p>\n\n\n\n<p><strong>S\u00e1u Ngh\u1ec7<\/strong><\/p>\n\n\n\n<p>D:\\NOI DUNG TSVN\\TSVN 2016\\TSVN so 19\\Sau Nghe\\Doanh nghiep keu cuu- BT.doc<\/p>\n\n\n\n<p><strong>Box:<\/strong><\/p>\n\n\n\n<p><strong>&nbsp;&nbsp;&nbsp;&nbsp;&nbsp;&nbsp;&nbsp;&nbsp;&nbsp; \u201cV\u1ec1 vi\u1ec7c kh\u00f3 kh\u0103n tr\u00ean, ch\u00fang t\u00f4i kh\u00f4ng d\u00e1m \u0111\u1eb7t h\u00e0ng nh\u1eadp kh\u1ea9u v\u00ec k<\/strong><\/p>\n\n\n\n<p><strong>h\u00f4ng khai t\u1edd khai tr\u00ean m\u1ea1ng \u0111\u01b0\u1ee3c v\u00e0 v\u1eabn b\u1ecb \u00e1ch t\u1eafc t\u1ea1i C\u00f4ng v\u0103n s\u1ed1 11271\/BTC-TCHQ ng\u00e0y 15\/8\/2016, l\u00e0m cho t\u00f4i h\u1ebft s\u1ee9c m\u1ec7t m\u1ecfi. Mong s\u1edbm c\u00f3 h\u01b0\u1edbng ch\u1ec9 \u0111\u1ea1o s\u00e2u s\u00e1t \u0111\u1ec3 th\u00e1o g\u1ee1 kh\u00f3 kh\u0103n cho C\u00f4ng ty\u201d, \u00f4ng <\/strong><strong>Sawetkamon Pornthep chia s\u1ebb.<\/strong><\/p>\n","protected":false},"excerpt":{"rendered":"<p>&nbsp;&nbsp;&nbsp;&nbsp;&nbsp;&nbsp;&nbsp;&nbsp;&nbsp; \u00d4ng Sawetkamon Pornthep (Nguy\u1ec5n V\u0103n Th\u1eafng), Vi\u1ec7t ki\u1ec1u qu\u1ed1c t\u1ecbch Th\u00e1i Lan, Gi\u00e1m \u0111\u1ed1c C\u00f4ng ty TNHH Vi\u1ec7t Th\u1eafng L\u1ee3i v\u1eeba g\u1eedi \u201cth\u01b0 k\u00eau c\u1ee9u\u201d \u0111\u1ebfn Th\u1ee7 t\u01b0\u1edbng Ch\u00ednh ph\u1ee7 Nguy\u1ec5n Xu\u00e2n Ph\u00fac. Th\u01b0 \u0111\u1ec1 ngh\u1ecb Th\u1ee7 t\u01b0\u1edbng \u201cquan t\u00e2m, ch\u1ec9 \u0111\u1ea1o gi\u1ea3i quy\u1ebft \u0111\u1ebfn t\u01b0\u1eddng t\u1eadn s\u1ef1 vi\u1ec7c gi\u00fap c\u00e1c doanh nghi\u1ec7p nh\u01b0 &hellip; <\/p>\n<p class=\"link-more\"><a href=\"https:\/\/bentre.vietthangloivt.com\/index.php\/thu-keu-cuu-thu-tuong\/\" class=\"more-link\">\u0110\u1ecdc ti\u1ebfp<span class=\"screen-reader-text\"> &#8220;<strong>TH\u01af K\u00caU C\u1ee8U TH\u1ee6 T\u01af\u1edaNG<\/strong>&#8220;<\/span><\/a><\/p>\n","protected":false},"author":1,"featured_media":0,"parent":0,"menu_order":0,"comment_status":"closed","ping_status":"closed","template":"","meta":{"om_disable_all_campaigns":false,"_monsterinsights_skip_tracking":false,"_monsterinsights_sitenote_active":false,"_monsterinsights_sitenote_note":"","_monsterinsights_sitenote_category":0,"footnotes":""},"class_list":["post-63","page","type-page","status-publish","hentry"],"_links":{"self":[{"href":"https:\/\/bentre.vietthangloivt.com\/index.php\/wp-json\/wp\/v2\/pages\/63","targetHints":{"allow":["GET"]}}],"collection":[{"href":"https:\/\/bentre.vietthangloivt.com\/index.php\/wp-json\/wp\/v2\/pages"}],"about":[{"href":"https:\/\/bentre.vietthangloivt.com\/index.php\/wp-json\/wp\/v2\/types\/page"}],"author":[{"embeddable":true,"href":"https:\/\/bentre.vietthangloivt.com\/index.php\/wp-json\/wp\/v2\/users\/1"}],"replies":[{"embeddable":true,"href":"https:\/\/bentre.vietthangloivt.com\/index.php\/wp-json\/wp\/v2\/comments?post=63"}],"version-history":[{"count":1,"href":"https:\/\/bentre.vietthangloivt.com\/index.php\/wp-json\/wp\/v2\/pages\/63\/revisions"}],"predecessor-version":[{"id":64,"href":"https:\/\/bentre.vietthangloivt.com\/index.php\/wp-json\/wp\/v2\/pages\/63\/revisions\/64"}],"wp:attachment":[{"href":"https:\/\/bentre.vietthangloivt.com\/index.php\/wp-json\/wp\/v2\/media?parent=63"}],"curies":[{"name":"wp","href":"https:\/\/api.w.org\/{rel}","templated":true}]}}