{"id":57,"date":"2021-03-31T09:06:16","date_gmt":"2021-03-31T02:06:16","guid":{"rendered":"http:\/\/bentre.vietthangloivt.com\/?page_id=57"},"modified":"2021-03-31T09:06:17","modified_gmt":"2021-03-31T02:06:17","slug":"probiotex-one","status":"publish","type":"page","link":"https:\/\/bentre.vietthangloivt.com\/index.php\/probiotex-one\/","title":{"rendered":"<strong>PROBIOTEX ONE<\/strong>"},"content":{"rendered":"\n<figure class=\"wp-block-image is-style-rounded\"><img decoding=\"async\" src=\"https:\/\/vietthangloivt.com\/wp-content\/uploads\/2021\/03\/68-Probiotex-one-scaled.jpg\" alt=\"Probiotex one me \u0111\u01b0\u1eddng ru\u1ed9t \" class=\"wp-image-100\"\/><\/figure>\n\n\n\n<h2 class=\"wp-block-heading\"><strong>Th\u00e0nh ph\u1ea7n<\/strong><\/h2>\n\n\n\n<ul class=\"wp-block-list\"><li>Bacillus subtilis&nbsp; 10<sup>6&nbsp;<\/sup>CFU\/kg<\/li><li>Xylanase enzyme 2000IU\/kg<\/li><li>Lipase enzyme 1000IU\/kg<\/li><\/ul>\n\n\n\n<h3 class=\"wp-block-heading\"><strong>C\u00d4NG D\u1ee4NG<\/strong><\/h3>\n\n\n\n<ul class=\"wp-block-list\"><li>Cung c\u1ea5p men ti\u00eau h\u00f3a c\u1ea7n thi\u1ebft cho t\u00f4m<\/li><li>Gi\u00fap t\u00f4m h\u1eadp thu6 t\u1ed1t th\u1ee9c \u0103n<\/li><li>T\u0103ng hi\u1ec7u qu\u1ea3 s\u1eed d\u1ee5ng th\u1ee9c \u0103n<\/li><\/ul>\n\n\n\n<h4 class=\"wp-block-heading\"><strong>H\u01b0\u1edbng d\u1eabn s\u1eed d\u00f9ng<\/strong><\/h4>\n\n\n\n<ul class=\"wp-block-list\"><li>Tr\u00f4n 5-10 g Probiotex one \/kg th\u1ee9c \u0103n<\/li><li>B\u1ea3o qu\u1ea3n \u1edf nhi\u1ec7t \u0111\u1ed9 th\u01b0\u1eddng t\u1eeb 16-37<sup>0<\/sup>C<\/li><\/ul>\n\n\n\n<p><strong>Kh\u1ed1i l\u01b0\u1ee3ng : 250g\/g\u00f3i<\/strong><\/p>\n","protected":false},"excerpt":{"rendered":"<p>Th\u00e0nh ph\u1ea7n Bacillus subtilis&nbsp; 106&nbsp;CFU\/kg Xylanase enzyme 2000IU\/kg Lipase enzyme 1000IU\/kg C\u00d4NG D\u1ee4NG Cung c\u1ea5p men ti\u00eau h\u00f3a c\u1ea7n thi\u1ebft cho t\u00f4m Gi\u00fap t\u00f4m h\u1eadp thu6 t\u1ed1t th\u1ee9c \u0103n T\u0103ng hi\u1ec7u qu\u1ea3 s\u1eed d\u1ee5ng th\u1ee9c \u0103n H\u01b0\u1edbng d\u1eabn s\u1eed d\u00f9ng Tr\u00f4n 5-10 g Probiotex one \/kg th\u1ee9c \u0103n B\u1ea3o qu\u1ea3n \u1edf nhi\u1ec7t \u0111\u1ed9 th\u01b0\u1eddng t\u1eeb &hellip; <\/p>\n<p class=\"link-more\"><a href=\"https:\/\/bentre.vietthangloivt.com\/index.php\/probiotex-one\/\" class=\"more-link\">\u0110\u1ecdc ti\u1ebfp<span class=\"screen-reader-text\"> &#8220;<strong>PROBIOTEX ONE<\/strong>&#8220;<\/span><\/a><\/p>\n","protected":false},"author":1,"featured_media":0,"parent":0,"menu_order":0,"comment_status":"closed","ping_status":"closed","template":"","meta":{"om_disable_all_campaigns":false,"_monsterinsights_skip_tracking":false,"_monsterinsights_sitenote_active":false,"_monsterinsights_sitenote_note":"","_monsterinsights_sitenote_category":0,"footnotes":""},"class_list":["post-57","page","type-page","status-publish","hentry"],"_links":{"self":[{"href":"https:\/\/bentre.vietthangloivt.com\/index.php\/wp-json\/wp\/v2\/pages\/57","targetHints":{"allow":["GET"]}}],"collection":[{"href":"https:\/\/bentre.vietthangloivt.com\/index.php\/wp-json\/wp\/v2\/pages"}],"about":[{"href":"https:\/\/bentre.vietthangloivt.com\/index.php\/wp-json\/wp\/v2\/types\/page"}],"author":[{"embeddable":true,"href":"https:\/\/bentre.vietthangloivt.com\/index.php\/wp-json\/wp\/v2\/users\/1"}],"replies":[{"embeddable":true,"href":"https:\/\/bentre.vietthangloivt.com\/index.php\/wp-json\/wp\/v2\/comments?post=57"}],"version-history":[{"count":1,"href":"https:\/\/bentre.vietthangloivt.com\/index.php\/wp-json\/wp\/v2\/pages\/57\/revisions"}],"predecessor-version":[{"id":58,"href":"https:\/\/bentre.vietthangloivt.com\/index.php\/wp-json\/wp\/v2\/pages\/57\/revisions\/58"}],"wp:attachment":[{"href":"https:\/\/bentre.vietthangloivt.com\/index.php\/wp-json\/wp\/v2\/media?parent=57"}],"curies":[{"name":"wp","href":"https:\/\/api.w.org\/{rel}","templated":true}]}}