{"id":55,"date":"2021-03-31T09:05:22","date_gmt":"2021-03-31T02:05:22","guid":{"rendered":"http:\/\/bentre.vietthangloivt.com\/?page_id=55"},"modified":"2021-03-31T09:05:22","modified_gmt":"2021-03-31T02:05:22","slug":"chia-se-kinh-nghiep-mo-hinh-nuoi-tom-bac-lieu-qua-benh-ems-a-chon-2012","status":"publish","type":"page","link":"https:\/\/bentre.vietthangloivt.com\/index.php\/chia-se-kinh-nghiep-mo-hinh-nuoi-tom-bac-lieu-qua-benh-ems-a-chon-2012\/","title":{"rendered":"<strong>Chia s\u1ebb kinh nghi\u1ec7p <\/strong><strong>M\u00f4 h\u00ecnh nu\u00f4i t\u00f4m B\u1ea1c Li\u1ec7u qua b\u1ec7nh EMS a Ch\u1ecdn 2012<\/strong>"},"content":{"rendered":"\n<figure class=\"wp-block-image\"><img decoding=\"async\" src=\"https:\/\/vietthangloivt.com\/wp-content\/uploads\/2021\/03\/CHON-BL-AO-MO-HINH-3.jpg\" alt=\"M\u00f4 h\u00ecnh th\u1ecb nghi\u1ec7m B\u1ea1c li\u00eau qua b\u1ec7nh EMS \" class=\"wp-image-238\"\/><\/figure>\n\n\n\n<h2 class=\"wp-block-heading\"><strong>Th\u00e0nh c\u00f4ng 3 v\u1ee5 li\u00ean ti\u1ec7p c\u00f3 ngh\u0129a qui tr\u00ecnh d\u00f9ng \u1ed5n r\u1ee7i ro th\u00e1p v\u00e0 a S\u01a1n thu\u1ed1c t\u00e2y, a H\u1eefu An t\u1eeb v\u0129nh ch\u00e2u T\u1ec9nh S\u00f3c tr\u0103ng th\u0103m m\u00f4 h\u00ecnh<\/strong><\/h2>\n\n\n\n<figure class=\"wp-block-image\"><img decoding=\"async\" src=\"https:\/\/vietthangloivt.com\/wp-content\/uploads\/2021\/03\/CHON-BL-AO-MO-HINH-2-scaled.jpg\" alt=\"\" class=\"wp-image-240\"\/><\/figure>\n\n\n\n<figure class=\"wp-block-image\"><img decoding=\"async\" src=\"https:\/\/vietthangloivt.com\/wp-content\/uploads\/2021\/03\/AO-VT-4.jpg\" alt=\"\" class=\"wp-image-241\"\/><\/figure>\n","protected":false},"excerpt":{"rendered":"<p>Th\u00e0nh c\u00f4ng 3 v\u1ee5 li\u00ean ti\u1ec7p c\u00f3 ngh\u0129a qui tr\u00ecnh d\u00f9ng \u1ed5n r\u1ee7i ro th\u00e1p v\u00e0 a S\u01a1n thu\u1ed1c t\u00e2y, a H\u1eefu An t\u1eeb v\u0129nh ch\u00e2u T\u1ec9nh S\u00f3c tr\u0103ng th\u0103m m\u00f4 h\u00ecnh<\/p>\n","protected":false},"author":1,"featured_media":0,"parent":0,"menu_order":0,"comment_status":"closed","ping_status":"closed","template":"","meta":{"om_disable_all_campaigns":false,"_monsterinsights_skip_tracking":false,"_monsterinsights_sitenote_active":false,"_monsterinsights_sitenote_note":"","_monsterinsights_sitenote_category":0,"footnotes":""},"class_list":["post-55","page","type-page","status-publish","hentry"],"_links":{"self":[{"href":"https:\/\/bentre.vietthangloivt.com\/index.php\/wp-json\/wp\/v2\/pages\/55","targetHints":{"allow":["GET"]}}],"collection":[{"href":"https:\/\/bentre.vietthangloivt.com\/index.php\/wp-json\/wp\/v2\/pages"}],"about":[{"href":"https:\/\/bentre.vietthangloivt.com\/index.php\/wp-json\/wp\/v2\/types\/page"}],"author":[{"embeddable":true,"href":"https:\/\/bentre.vietthangloivt.com\/index.php\/wp-json\/wp\/v2\/users\/1"}],"replies":[{"embeddable":true,"href":"https:\/\/bentre.vietthangloivt.com\/index.php\/wp-json\/wp\/v2\/comments?post=55"}],"version-history":[{"count":1,"href":"https:\/\/bentre.vietthangloivt.com\/index.php\/wp-json\/wp\/v2\/pages\/55\/revisions"}],"predecessor-version":[{"id":56,"href":"https:\/\/bentre.vietthangloivt.com\/index.php\/wp-json\/wp\/v2\/pages\/55\/revisions\/56"}],"wp:attachment":[{"href":"https:\/\/bentre.vietthangloivt.com\/index.php\/wp-json\/wp\/v2\/media?parent=55"}],"curies":[{"name":"wp","href":"https:\/\/api.w.org\/{rel}","templated":true}]}}