{"id":53,"date":"2021-03-31T09:04:23","date_gmt":"2021-03-31T02:04:23","guid":{"rendered":"http:\/\/bentre.vietthangloivt.com\/?page_id=53"},"modified":"2021-03-31T09:04:23","modified_gmt":"2021-03-31T02:04:23","slug":"mkc-1-lit","status":"publish","type":"page","link":"https:\/\/bentre.vietthangloivt.com\/index.php\/mkc-1-lit\/","title":{"rendered":"<strong>MKC 1 L\u00edt<\/strong>"},"content":{"rendered":"\n<figure class=\"wp-block-image\"><img decoding=\"async\" src=\"https:\/\/vietthangloivt.com\/wp-content\/uploads\/2021\/03\/hinh-mkc-1-L.jpg\" alt=\"MKC ch\u1ea5t di\u1ec7t n\u1ea5m v\u00e0 vi khu\u1ea9n\" class=\"wp-image-57\"\/><\/figure>\n\n\n\n<h2 class=\"wp-block-heading\"><strong>Th\u00e0nh ph\u1ea7n<\/strong><\/h2>\n\n\n\n<p>Myristalkonium chloride<\/p>\n\n\n\n<h3 class=\"wp-block-heading\"><strong>C\u00d4NG D\u1ee4NG<\/strong><\/h3>\n\n\n\n<ul class=\"wp-block-list\"><li>Di\u1ec7t n\u1ea5m v\u00e0 vi khu\u1ea9n c\u00f3 h\u1ea1i trong n\u01b0\u1edbc, n\u1ec1n \u0111\u00e1y ao, c\u1ea3 tr\u00ean c\u01a1 th\u1ec3 t\u00f4m<\/li><li>X\u1eed l\u00fd b\u1ec7nh \u0110en mang, v\u00e0ng mang, \u0111\u1ed1m den<\/li><li>X\u1eed l\u00fd b\u1ec7nh \u0110\u00f3ng r\u00f4ng<\/li><li>X\u1eed l\u00fd s\u01b0ng mang, s\u01b0ng \u0111u\u00f4i<\/li><li>Di\u1ec7t khu\u1ea9n nh\u01b0ng kh\u00f4ng di\u1ec7t t\u1ea3o<\/li><li>S\u00e1t tr\u00f9ng v\u00e0 c\u00e1c m\u00e2m b\u1ec7nh N\u1ea5m<\/li><li>L\u00e0m s\u1ea1ch m\u00f4i tr\u01b0\u1eddng n\u01b0\u1edbc nu\u00f4i<\/li><li>Hi\u1ec7u qua3cao trong vi\u1ec7c tr\u1ecb \u0111\u00f3ng rong nh\u1edbt, l\u00e0m s\u1ea1ch v\u1ecf v\u00e0 mang t\u00f4m<\/li><li>X\u1eed l\u00fd n\u01b0\u1edbc trong (b\u1ec1 xi m\u0103ng v\u00e0 b\u1ea1c) T\u00f4m C\u00e1 gi\u00f4ng (c\u00f3 gi\u00e1 nh\u01b0 c\u00e1 goi) Cua Vv&#8230;<\/li><\/ul>\n\n\n\n<h4 class=\"wp-block-heading\">Dung t\u00edch : 1 l\u00edt<\/h4>\n","protected":false},"excerpt":{"rendered":"<p>Th\u00e0nh ph\u1ea7n Myristalkonium chloride C\u00d4NG D\u1ee4NG Di\u1ec7t n\u1ea5m v\u00e0 vi khu\u1ea9n c\u00f3 h\u1ea1i trong n\u01b0\u1edbc, n\u1ec1n \u0111\u00e1y ao, c\u1ea3 tr\u00ean c\u01a1 th\u1ec3 t\u00f4m X\u1eed l\u00fd b\u1ec7nh \u0110en mang, v\u00e0ng mang, \u0111\u1ed1m den X\u1eed l\u00fd b\u1ec7nh \u0110\u00f3ng r\u00f4ng X\u1eed l\u00fd s\u01b0ng mang, s\u01b0ng \u0111u\u00f4i Di\u1ec7t khu\u1ea9n nh\u01b0ng kh\u00f4ng di\u1ec7t t\u1ea3o S\u00e1t tr\u00f9ng v\u00e0 c\u00e1c m\u00e2m b\u1ec7nh &hellip; <\/p>\n<p class=\"link-more\"><a href=\"https:\/\/bentre.vietthangloivt.com\/index.php\/mkc-1-lit\/\" class=\"more-link\">\u0110\u1ecdc ti\u1ebfp<span class=\"screen-reader-text\"> &#8220;<strong>MKC 1 L\u00edt<\/strong>&#8220;<\/span><\/a><\/p>\n","protected":false},"author":1,"featured_media":0,"parent":0,"menu_order":0,"comment_status":"closed","ping_status":"closed","template":"","meta":{"om_disable_all_campaigns":false,"_monsterinsights_skip_tracking":false,"_monsterinsights_sitenote_active":false,"_monsterinsights_sitenote_note":"","_monsterinsights_sitenote_category":0,"footnotes":""},"class_list":["post-53","page","type-page","status-publish","hentry"],"_links":{"self":[{"href":"https:\/\/bentre.vietthangloivt.com\/index.php\/wp-json\/wp\/v2\/pages\/53","targetHints":{"allow":["GET"]}}],"collection":[{"href":"https:\/\/bentre.vietthangloivt.com\/index.php\/wp-json\/wp\/v2\/pages"}],"about":[{"href":"https:\/\/bentre.vietthangloivt.com\/index.php\/wp-json\/wp\/v2\/types\/page"}],"author":[{"embeddable":true,"href":"https:\/\/bentre.vietthangloivt.com\/index.php\/wp-json\/wp\/v2\/users\/1"}],"replies":[{"embeddable":true,"href":"https:\/\/bentre.vietthangloivt.com\/index.php\/wp-json\/wp\/v2\/comments?post=53"}],"version-history":[{"count":1,"href":"https:\/\/bentre.vietthangloivt.com\/index.php\/wp-json\/wp\/v2\/pages\/53\/revisions"}],"predecessor-version":[{"id":54,"href":"https:\/\/bentre.vietthangloivt.com\/index.php\/wp-json\/wp\/v2\/pages\/53\/revisions\/54"}],"wp:attachment":[{"href":"https:\/\/bentre.vietthangloivt.com\/index.php\/wp-json\/wp\/v2\/media?parent=53"}],"curies":[{"name":"wp","href":"https:\/\/api.w.org\/{rel}","templated":true}]}}