{"id":43,"date":"2021-03-31T09:00:00","date_gmt":"2021-03-31T02:00:00","guid":{"rendered":"http:\/\/bentre.vietthangloivt.com\/?page_id=43"},"modified":"2021-03-31T09:00:00","modified_gmt":"2021-03-31T02:00:00","slug":"enzymax","status":"publish","type":"page","link":"https:\/\/bentre.vietthangloivt.com\/index.php\/enzymax\/","title":{"rendered":"<strong>ENZYMAX<\/strong>"},"content":{"rendered":"\n<figure class=\"wp-block-image\"><img decoding=\"async\" src=\"https:\/\/vietthangloivt.com\/wp-content\/uploads\/2021\/03\/hinh-Dymax-one-2-1.jpg\" alt=\"\" class=\"wp-image-76\"\/><\/figure>\n\n\n\n<h2 class=\"wp-block-heading\"><strong>Th\u00e0nh ph\u1ea9n&nbsp;<\/strong><\/h2>\n\n\n\n<p>+ Amylase enzyme 820.000 UI+ Cellulase enzyme 1.080.000 UI+ Xylanase enzyme 1.300.000 UI+ Beta-Glucanase enzyme 2.000.000 UI+ Pectinase enzyme 780.000 UI&nbsp;<\/p>\n\n\n\n<p>Enzymax l\u00e0 CH\u1ea4T enzyme \u0111\u1eb7c bi\u1ec7t gi\u00fap \u0111\u01b0\u1eddng ru\u1ed9t t\u00f4m c\u00e1 cua trong m\u00e3ng Th\u1ee7y s\u1ea3n<\/p>\n\n\n\n<ul class=\"wp-block-list\"><li>X\u1eed l\u00fd B\u1ec7nh Ph\u1ea7n tr\u1eafng<\/li><li>X\u1eed l\u00fd B\u1ec7nh Ems<\/li><li>X\u1eed l\u00fd B\u1ec7nh \u0110\u01b0\u1eddng ru\u1ed9t<\/li><li>X\u1eed l\u00fd th\u1ee9c \u0103n c\u00f3 m\u00f3c l\u00e0m h\u01b0 ru\u1ed9t t\u00f4m c\u00e1<\/li><li>T\u0103ng FCR<\/li><li>Xu\u1ea5t x\u1ee9 : Thailand<\/li><\/ul>\n\n\n\n<h3 class=\"wp-block-heading\"><strong>H\u01b0\u01a1ng d\u1eabn s\u1eed d\u1ee5ng :<\/strong><\/h3>\n\n\n\n<p>+ B\u1ec7nh Ph\u1ea7n tr\u1eafng, B\u1ec7nh Ems, B\u1ec7nh \u0110\u01b0\u1eddng ru\u1ed9t+ B\u1ecb N\u0103ng ; Tr\u1ed9n Enzymax 10g \/ kg th\u1ee9c \u0103n+ B\u1ecb Nh\u1eb9 ;Tr\u1ed9n Enzymax 5g \/ kg th\u1ee9c \u0103n+ H\u00f2a tan ENZYMAX v\u1edbi 10% n\u01b0\u1edbc tr\u01b0\u1edbc khi tr\u1ed9n v\u1edbi th\u1ee9c \u0103n&nbsp;<\/p>\n\n\n\n<h3 class=\"wp-block-heading\"><strong>Kh\u00f4i l\u01b0\u1ee3ng : 500g\/h\u1ed9p<\/strong><\/h3>\n","protected":false},"excerpt":{"rendered":"<p>Th\u00e0nh ph\u1ea9n&nbsp; + Amylase enzyme 820.000 UI+ Cellulase enzyme 1.080.000 UI+ Xylanase enzyme 1.300.000 UI+ Beta-Glucanase enzyme 2.000.000 UI+ Pectinase enzyme 780.000 UI&nbsp; Enzymax l\u00e0 CH\u1ea4T enzyme \u0111\u1eb7c bi\u1ec7t gi\u00fap \u0111\u01b0\u1eddng ru\u1ed9t t\u00f4m c\u00e1 cua trong m\u00e3ng Th\u1ee7y s\u1ea3n X\u1eed l\u00fd B\u1ec7nh Ph\u1ea7n tr\u1eafng X\u1eed l\u00fd B\u1ec7nh Ems X\u1eed l\u00fd B\u1ec7nh \u0110\u01b0\u1eddng ru\u1ed9t X\u1eed l\u00fd &hellip; <\/p>\n<p class=\"link-more\"><a href=\"https:\/\/bentre.vietthangloivt.com\/index.php\/enzymax\/\" class=\"more-link\">\u0110\u1ecdc ti\u1ebfp<span class=\"screen-reader-text\"> &#8220;<strong>ENZYMAX<\/strong>&#8220;<\/span><\/a><\/p>\n","protected":false},"author":1,"featured_media":0,"parent":0,"menu_order":0,"comment_status":"closed","ping_status":"closed","template":"","meta":{"om_disable_all_campaigns":false,"_monsterinsights_skip_tracking":false,"_monsterinsights_sitenote_active":false,"_monsterinsights_sitenote_note":"","_monsterinsights_sitenote_category":0,"footnotes":""},"class_list":["post-43","page","type-page","status-publish","hentry"],"_links":{"self":[{"href":"https:\/\/bentre.vietthangloivt.com\/index.php\/wp-json\/wp\/v2\/pages\/43","targetHints":{"allow":["GET"]}}],"collection":[{"href":"https:\/\/bentre.vietthangloivt.com\/index.php\/wp-json\/wp\/v2\/pages"}],"about":[{"href":"https:\/\/bentre.vietthangloivt.com\/index.php\/wp-json\/wp\/v2\/types\/page"}],"author":[{"embeddable":true,"href":"https:\/\/bentre.vietthangloivt.com\/index.php\/wp-json\/wp\/v2\/users\/1"}],"replies":[{"embeddable":true,"href":"https:\/\/bentre.vietthangloivt.com\/index.php\/wp-json\/wp\/v2\/comments?post=43"}],"version-history":[{"count":1,"href":"https:\/\/bentre.vietthangloivt.com\/index.php\/wp-json\/wp\/v2\/pages\/43\/revisions"}],"predecessor-version":[{"id":44,"href":"https:\/\/bentre.vietthangloivt.com\/index.php\/wp-json\/wp\/v2\/pages\/43\/revisions\/44"}],"wp:attachment":[{"href":"https:\/\/bentre.vietthangloivt.com\/index.php\/wp-json\/wp\/v2\/media?parent=43"}],"curies":[{"name":"wp","href":"https:\/\/api.w.org\/{rel}","templated":true}]}}