{"id":132,"date":"2021-04-01T09:47:20","date_gmt":"2021-04-01T02:47:20","guid":{"rendered":"http:\/\/bentre.vietthangloivt.com\/?page_id=132"},"modified":"2021-04-01T10:00:45","modified_gmt":"2021-04-01T03:00:45","slug":"cty-tnhh-viet-thang-loi","status":"publish","type":"page","link":"https:\/\/bentre.vietthangloivt.com\/index.php\/cty-tnhh-viet-thang-loi\/","title":{"rendered":"CTY TNHH VI\u1ec6T TH\u1eaeNG L\u1ee2I"},"content":{"rendered":"\n<p><strong><span class=\"has-inline-color has-vivid-cyan-blue-color\">CTY TNHH VI\u1ec6T TH\u1eaeNG L\u1ee2I<\/span><\/strong><\/p>\n\n\n\n<p><span class=\"has-inline-color has-vivid-cyan-blue-color\">VP\u0110D : 304 Ph\u00e2m H\u1eefu L\u00e2u Nh\u00e0 b\u00e8 Tp H\u00f4 Ch\u00ed Minh Vi\u1ec7t Nam<\/span><\/p>\n\n\n\n<p><span class=\"has-inline-color has-vivid-cyan-blue-color\">TEL : 0286 6835122 ; 0254 3592969 ; 0254 3592979<\/span><\/p>\n\n\n\n<p><span class=\"has-inline-color has-vivid-cyan-blue-color\">D\u0110 : 0909113555 <\/span><\/p>\n\n\n\n<p><span class=\"has-inline-color has-vivid-green-cyan-color\">Email : vietthangloi1994@gmail.com<\/span><\/p>\n\n\n\n<p><span class=\"has-inline-color has-vivid-green-cyan-color\">WWW : vietthangloivt.com<\/span><\/p>\n\n\n\n<p><\/p>\n","protected":false},"excerpt":{"rendered":"<p>CTY TNHH VI\u1ec6T TH\u1eaeNG L\u1ee2I VP\u0110D : 304 Ph\u00e2m H\u1eefu L\u00e2u Nh\u00e0 b\u00e8 Tp H\u00f4 Ch\u00ed Minh Vi\u1ec7t Nam TEL : 0286 6835122 ; 0254 3592969 ; 0254 3592979 D\u0110 : 0909113555 Email : vietthangloi1994@gmail.com WWW : vietthangloivt.com<\/p>\n","protected":false},"author":1,"featured_media":0,"parent":0,"menu_order":0,"comment_status":"closed","ping_status":"closed","template":"","meta":{"om_disable_all_campaigns":false,"_monsterinsights_skip_tracking":false,"_monsterinsights_sitenote_active":false,"_monsterinsights_sitenote_note":"","_monsterinsights_sitenote_category":0,"footnotes":""},"class_list":["post-132","page","type-page","status-publish","hentry"],"_links":{"self":[{"href":"https:\/\/bentre.vietthangloivt.com\/index.php\/wp-json\/wp\/v2\/pages\/132","targetHints":{"allow":["GET"]}}],"collection":[{"href":"https:\/\/bentre.vietthangloivt.com\/index.php\/wp-json\/wp\/v2\/pages"}],"about":[{"href":"https:\/\/bentre.vietthangloivt.com\/index.php\/wp-json\/wp\/v2\/types\/page"}],"author":[{"embeddable":true,"href":"https:\/\/bentre.vietthangloivt.com\/index.php\/wp-json\/wp\/v2\/users\/1"}],"replies":[{"embeddable":true,"href":"https:\/\/bentre.vietthangloivt.com\/index.php\/wp-json\/wp\/v2\/comments?post=132"}],"version-history":[{"count":3,"href":"https:\/\/bentre.vietthangloivt.com\/index.php\/wp-json\/wp\/v2\/pages\/132\/revisions"}],"predecessor-version":[{"id":138,"href":"https:\/\/bentre.vietthangloivt.com\/index.php\/wp-json\/wp\/v2\/pages\/132\/revisions\/138"}],"wp:attachment":[{"href":"https:\/\/bentre.vietthangloivt.com\/index.php\/wp-json\/wp\/v2\/media?parent=132"}],"curies":[{"name":"wp","href":"https:\/\/api.w.org\/{rel}","templated":true}]}}