{"id":12,"date":"2021-03-30T04:55:56","date_gmt":"2021-03-30T04:55:56","guid":{"rendered":"http:\/\/bentre.vietthangloivt.com\/?page_id=12"},"modified":"2021-06-20T12:38:57","modified_gmt":"2021-06-20T05:38:57","slug":"lien-he","status":"publish","type":"page","link":"https:\/\/bentre.vietthangloivt.com\/index.php\/lien-he\/","title":{"rendered":"LI\u00caN H\u1ec6"},"content":{"rendered":"\n<p><a href=\"https:\/\/vietthangloivt.com\/wp-admin\/post.php?post=249&amp;action=edit\"><br>&#8220;LI\u00caN H\u1ec6&#8221;<\/a><\/p>\n\n\n\n<h1 class=\"wp-block-heading\"><strong>CTY TNHH VI\u1ec6T TH\u1eaeNG L\u1ee2I<\/strong><\/h1>\n\n\n\n<figure class=\"wp-block-embed\"><div class=\"wp-block-embed__wrapper\">\nhttps:\/\/www.google.com\/maps\/embed?pb=!1m18!1m12!1m3!1d3920.4368408532196!2d106.71732411411585!3d10.700749963513706!2m3!1f0!2f0!3f0!3m2!1i1024!2i768!4f13.1!3m3!1m2!1s0x31753001d91527bf%3A0xb348711bfe9fd4da!2zMzA0IFBo4bqhbSBI4buvdSBM4bqndSwgUGjGsOG7m2MgS2nhu4NuLCBOaMOgIELDqCwgVGjDoG5oIHBo4buRIEjhu5MgQ2jDrSBNaW5oLCBWaeG7h3QgTmFt!5e0!3m2!1svi!2s!4v1622597734518!5m2!1svi!2s\n<\/div><\/figure>\n\n\n\n<p>WWW : vietthangloivt.com<\/p>\n\n\n\n<figure class=\"wp-block-image\"><a href=\"https:\/\/vietthangloivt.com\/\" target=\"_blank\" rel=\"noreferrer noopener\"><img decoding=\"async\" src=\"https:\/\/vietthangloivt.com\/wp-content\/uploads\/2021\/03\/cropped-Logo-VTL.jpg\" alt=\"\" class=\"wp-image-33\"\/><\/a><\/figure>\n\n\n\n<figure class=\"wp-block-image is-resized\"><a href=\"https:\/\/www.facebook.com\/VietThangLoivt\" target=\"_blank\" rel=\"noreferrer noopener\"><img loading=\"lazy\" decoding=\"async\" src=\"https:\/\/vietthangloivt.com\/wp-content\/uploads\/2021\/06\/Facebook.png\" alt=\"\" class=\"wp-image-389\" width=\"503\" height=\"173\"\/><\/a><\/figure>\n\n\n\n<figure class=\"wp-block-image\"><a href=\"https:\/\/www.youtube.com\/channel\/UCgAfs04feTUfWWofbBfIM-A\/videos\" target=\"_blank\" rel=\"noreferrer noopener\"><img decoding=\"async\" src=\"https:\/\/vietthangloivt.com\/wp-content\/uploads\/2021\/06\/youtube-red.png\" alt=\"\" class=\"wp-image-398\"\/><\/a><\/figure>\n\n\n\n<figure class=\"wp-block-image\"><a href=\"tel:0909113555\"><img decoding=\"async\" src=\"https:\/\/vietthangloivt.com\/wp-content\/uploads\/2021\/06\/Tel.png\" alt=\"\" class=\"wp-image-391\"\/><\/a><\/figure>\n\n\n\n<h2 class=\"wp-block-heading\"><strong>VP\u0110D :<\/strong><\/h2>\n\n\n\n<p>304 Ph\u00e2m H\u1eefu L\u00e2u Nh\u00e0 b\u00e8 Tp H\u00f4 Ch\u00ed Minh Vi\u1ec7t Nam<\/p>\n\n\n\n<h3 class=\"wp-block-heading\"><strong>TEL :<\/strong><\/h3>\n\n\n\n<p>0286 6835122 ; 0254 3592969 ; 0254 3592979<\/p>\n\n\n\n<p>D\u0110 : 0909113555<\/p>\n\n\n\n<h4 class=\"wp-block-heading\"><strong>Email :<\/strong>&nbsp;<\/h4>\n\n\n\n<p>vietthangloi1994@gmail.com<\/p>\n","protected":false},"excerpt":{"rendered":"<p>&#8220;LI\u00caN H\u1ec6&#8221; CTY TNHH VI\u1ec6T TH\u1eaeNG L\u1ee2I WWW : vietthangloivt.com VP\u0110D : 304 Ph\u00e2m H\u1eefu L\u00e2u Nh\u00e0 b\u00e8 Tp H\u00f4 Ch\u00ed Minh Vi\u1ec7t Nam TEL : 0286 6835122 ; 0254 3592969 ; 0254 3592979 D\u0110 : 0909113555 Email :&nbsp; vietthangloi1994@gmail.com<\/p>\n","protected":false},"author":1,"featured_media":0,"parent":0,"menu_order":0,"comment_status":"closed","ping_status":"closed","template":"","meta":{"om_disable_all_campaigns":false,"_monsterinsights_skip_tracking":false,"_monsterinsights_sitenote_active":false,"_monsterinsights_sitenote_note":"","_monsterinsights_sitenote_category":0,"footnotes":""},"class_list":["post-12","page","type-page","status-publish","hentry"],"_links":{"self":[{"href":"https:\/\/bentre.vietthangloivt.com\/index.php\/wp-json\/wp\/v2\/pages\/12","targetHints":{"allow":["GET"]}}],"collection":[{"href":"https:\/\/bentre.vietthangloivt.com\/index.php\/wp-json\/wp\/v2\/pages"}],"about":[{"href":"https:\/\/bentre.vietthangloivt.com\/index.php\/wp-json\/wp\/v2\/types\/page"}],"author":[{"embeddable":true,"href":"https:\/\/bentre.vietthangloivt.com\/index.php\/wp-json\/wp\/v2\/users\/1"}],"replies":[{"embeddable":true,"href":"https:\/\/bentre.vietthangloivt.com\/index.php\/wp-json\/wp\/v2\/comments?post=12"}],"version-history":[{"count":3,"href":"https:\/\/bentre.vietthangloivt.com\/index.php\/wp-json\/wp\/v2\/pages\/12\/revisions"}],"predecessor-version":[{"id":192,"href":"https:\/\/bentre.vietthangloivt.com\/index.php\/wp-json\/wp\/v2\/pages\/12\/revisions\/192"}],"wp:attachment":[{"href":"https:\/\/bentre.vietthangloivt.com\/index.php\/wp-json\/wp\/v2\/media?parent=12"}],"curies":[{"name":"wp","href":"https:\/\/api.w.org\/{rel}","templated":true}]}}